{"id":4059,"date":"2020-12-07T16:45:51","date_gmt":"2020-12-07T14:45:51","guid":{"rendered":"https:\/\/fabrikaburgerbar.rs\/?page_id=4059"},"modified":"2020-12-08T10:58:40","modified_gmt":"2020-12-08T08:58:40","slug":"meni-2","status":"publish","type":"page","link":"https:\/\/fabrikaburgerbar.rs\/en\/meni-2\/","title":{"rendered":"Meni 2100"},"content":{"rendered":"<p>[vc_row][vc_column][vc_column_text]<\/p>\n<h1 data-effect=\"fadeIn\" data-animateonce=\"no\" data-delay=\"0\"><\/h1>\n<h1 class=\"section-title ut-animate-element animated ut-no-animation-tablet ut-no-animation-mobile ut-appear-initialized fadeIn\" style=\"text-align: center;\" data-effect=\"fadeIn\" data-animateonce=\"no\" data-delay=\"0\">Our Menu<\/h1>\n<p>&nbsp;<\/p>\n<div class=\"lead ut-animate-element animated ut-no-animation-tablet ut-no-animation-mobile ut-appear-initialized fadeIn\" data-effect=\"fadeIn\" data-animateonce=\"no\" data-delay=\"0\">\n<div class=\"wpb_content_element \">\n<header id=\"ut_header_5fce3d6fc0ac6\" class=\"section-header ut-no-title-linebreak-mobile ut-no-lead-linebreak-mobile pt-style-7 header-center element-with-custom-line-height\">\n<div class=\"lead ut-animate-element animated ut-no-animation-tablet ut-no-animation-mobile ut-appear-initialized fadeIn\" data-effect=\"fadeIn\" data-animateonce=\"no\" data-delay=\"0\">\n<p>We make burgers with passion and style, because they deserve attention.<\/p>\n<p>Top choice of ingredients and delicious sauces are waiting for you.<\/p><\/div>\n<\/header>\n<\/div>\n<\/div>\n<p>[\/vc_column_text]<style type=\"text\/css\" scoped>#ut_custom_heading69f8c07c1618a { font-family:Yellowtail;font-weight:400;font-style:normal; }#ut_custom_heading69f8c07c1618a { text-align:center; }<\/style><h1 id=\"ut_custom_heading69f8c07c1618a\" class=\"ut-custom-heading-module   vc_custom_1607415904587\" ><span>Made With Love<\/span><\/h1>[ut_title_divider_2 divider=&#8221;bklyn-divider-style-17&#8243; align=&#8221;center&#8221;][\/ut_title_divider_2][\/vc_column][\/vc_row][vc_row][vc_column][vc_column_text]<\/p>\n<h1 data-effect=\"fadeIn\" data-animateonce=\"no\" data-delay=\"0\"><\/h1>\n<h1 class=\"section-title ut-animate-element animated ut-no-animation-tablet ut-no-animation-mobile ut-appear-initialized fadeIn\" style=\"text-align: center;\" data-effect=\"fadeIn\" data-animateonce=\"no\" data-delay=\"0\"><span style=\"text-decoration: underline;\">Food<\/span><\/h1>\n<p>[\/vc_column_text][vc_row_inner][vc_column_inner width=&#8221;1\/4&#8243;][vc_single_image image=&#8221;1926&#8243; onclick=&#8221;link_image&#8221;][vc_custom_heading text=&#8221;Jack Daniel&#8217;s Honey Burger&#8221; use_theme_fonts=&#8221;yes&#8221; css=&#8221;.vc_custom_1607411597315{margin-top: 0px !important;}&#8221;][vc_column_text css=&#8221;.vc_custom_1607415986834{margin-bottom: 15px !important;}&#8221;]150g fresh beef, Crispy bacon, Lettuce, Tomato, Pickles, Purple onion, Jack Daniel&#8217;s honey sauce.[\/vc_column_text][\/vc_column_inner][vc_column_inner width=&#8221;1\/4&#8243;][vc_single_image image=&#8221;1929&#8243; onclick=&#8221;link_image&#8221;][vc_custom_heading text=&#8221;Jack Daniel&#8217;s Burger&#8221; use_theme_fonts=&#8221;yes&#8221; css=&#8221;.vc_custom_1607411679506{margin-top: 0px !important;}&#8221;][vc_column_text css=&#8221;.vc_custom_1607416003880{margin-bottom: 15px !important;}&#8221;]<\/p>\n<div class=\"rp-col-md-9\">\n<div class=\"rpress-title-holder\">\n<div class=\"rpress_fooditem_excerpt\">\n<p>150g fresh beef, Crispy bacon, Lettuce, Tomato, Pickles, Purple onion, Jack Daniel&#8217;s sauce.<\/p><\/div>\n<\/div>\n<\/div>\n<div class=\"rp-col-md-3\"><\/div>\n<p>[\/vc_column_text][\/vc_column_inner][vc_column_inner width=&#8221;1\/4&#8243;][vc_single_image image=&#8221;3602&#8243; onclick=&#8221;link_image&#8221;][vc_custom_heading text=&#8221;Sandwich With Scarf And Bacon&#8221; use_theme_fonts=&#8221;yes&#8221; css=&#8221;.vc_custom_1607416100874{margin-top: 0px !important;}&#8221;][vc_column_text css=&#8221;.vc_custom_1607416015232{margin-bottom: 15px !important;}&#8221;]Scrambled eggs with two eggs, Cheddar cheese, Crispy bacon, Caramelized onions.[\/vc_column_text][\/vc_column_inner][vc_column_inner width=&#8221;1\/4&#8243;][vc_single_image image=&#8221;1965&#8243; onclick=&#8221;link_image&#8221;][vc_custom_heading text=&#8221;Beer Salary&#8221; use_theme_fonts=&#8221;yes&#8221; css=&#8221;.vc_custom_1607416604964{margin-top: 0px !important;}&#8221;][vc_column_text css=&#8221;.vc_custom_1607416628794{margin-bottom: 15px !important;}&#8221;]Mangulica sausage, Dried bacon, Kulen, Kajmak with walnuts, Young cheese, Pickles, As a side dish we serve homemade donuts.[\/vc_column_text][\/vc_column_inner][\/vc_row_inner][vc_row_inner][vc_column_inner width=&#8221;1\/4&#8243;][vc_single_image image=&#8221;1923&#8243; onclick=&#8221;link_image&#8221;][vc_custom_heading text=&#8221;Ramstek Salad&#8221; use_theme_fonts=&#8221;yes&#8221; css=&#8221;.vc_custom_1607416702896{margin-top: 0px !important;}&#8221;][vc_column_text css=&#8221;.vc_custom_1607416760395{margin-bottom: 15px !important;}&#8221;]Beef rump steak, Iceberg lettuce, Pickled purple onion, Fresh cucumber, Cherry tomato, Mileram sauce and vinaigrette dressing.[\/vc_column_text][\/vc_column_inner][vc_column_inner width=&#8221;1\/4&#8243;][vc_single_image image=&#8221;1920&#8243; onclick=&#8221;link_image&#8221;][vc_custom_heading text=&#8221;Caprese Burger&#8221; use_theme_fonts=&#8221;yes&#8221; css=&#8221;.vc_custom_1607411949178{margin-top: 0px !important;}&#8221;][vc_column_text css=&#8221;.vc_custom_1607416777450{margin-bottom: 15px !important;}&#8221;]150g of fresh beef, Tomato, Pesto with fresh basil, Mozzarella cheese.[\/vc_column_text][\/vc_column_inner][vc_column_inner width=&#8221;1\/4&#8243;][vc_single_image image=&#8221;1914&#8243; onclick=&#8221;link_image&#8221;][vc_custom_heading text=&#8221;Fat Bastard&#8221; use_theme_fonts=&#8221;yes&#8221; css=&#8221;.vc_custom_1607411988362{margin-top: 0px !important;}&#8221;][vc_column_text css=&#8221;.vc_custom_1607416793559{margin-bottom: 15px !important;}&#8221;]150g fresh beef, Baby spinach, Caramelized onions, BBQ sauce, Feta cheese, Prosciutto.[\/vc_column_text][\/vc_column_inner][vc_column_inner width=&#8221;1\/4&#8243;][vc_single_image image=&#8221;1345&#8243; onclick=&#8221;link_image&#8221;][vc_custom_heading text=&#8221;Classico&#8221; use_theme_fonts=&#8221;yes&#8221; css=&#8221;.vc_custom_1607412023537{margin-top: 0px !important;}&#8221;][vc_column_text css=&#8221;.vc_custom_1607416834001{margin-bottom: 15px !important;}&#8221;]150g of fresh beef, Fried bacon, Lettuce, Tomato, Pickles, Red onion, Mustard sauce.[\/vc_column_text][\/vc_column_inner][\/vc_row_inner][vc_row_inner][vc_column_inner width=&#8221;1\/4&#8243;][vc_single_image image=&#8221;1338&#8243; onclick=&#8221;link_image&#8221;][vc_custom_heading text=&#8221;Fabrika&#8221; use_theme_fonts=&#8221;yes&#8221; css=&#8221;.vc_custom_1607412071612{margin-top: 0px !important;}&#8221;][vc_column_text css=&#8221;.vc_custom_1607416847177{margin-bottom: 15px !important;}&#8221;]150 g of fresh beef, Factory sauce, Lettuce, Tomato, Pickles, Purple onion, Caramelized onion.[\/vc_column_text][\/vc_column_inner][vc_column_inner width=&#8221;1\/4&#8243;][vc_single_image image=&#8221;1330&#8243; onclick=&#8221;link_image&#8221;][vc_custom_heading text=&#8221;Chesseburger&#8221; use_theme_fonts=&#8221;yes&#8221; css=&#8221;.vc_custom_1607412139210{margin-top: 0px !important;}&#8221;][vc_column_text css=&#8221;.vc_custom_1607416859017{margin-bottom: 15px !important;}&#8221;]150 g of fresh beef, Cheddar cheese, Musard sauce, Tomato, Lettuce, Pickles, Caramelized onions.[\/vc_column_text][\/vc_column_inner][vc_column_inner width=&#8221;1\/4&#8243;][vc_single_image image=&#8221;1322&#8243; onclick=&#8221;link_image&#8221;][vc_custom_heading text=&#8221;Burger In Tortilla&#8221; use_theme_fonts=&#8221;yes&#8221; css=&#8221;.vc_custom_1607417913226{margin-top: 0px !important;}&#8221;][vc_column_text css=&#8221;.vc_custom_1607416887849{margin-bottom: 15px !important;}&#8221;]150g fresh beef, Tomato salad, Lettuce, Tomato, Pickle, Purple onion, Factory sauce.[\/vc_column_text][\/vc_column_inner][vc_column_inner width=&#8221;1\/4&#8243;][vc_single_image image=&#8221;1298&#8243; onclick=&#8221;link_image&#8221;][vc_custom_heading text=&#8221;The Daddy&#8221; use_theme_fonts=&#8221;yes&#8221; css=&#8221;.vc_custom_1607412274554{margin-top: 0px !important;}&#8221;][vc_column_text css=&#8221;.vc_custom_1607414600985{margin-bottom: 15px !important;}&#8221;]220gr sve\u017eeg gove\u0111eg mesa, BBQ and Horseradish sos, Zelena salata, Paradajz, Kiseli krastavci, Ljubi\u010dasti luk[\/vc_column_text][\/vc_column_inner][\/vc_row_inner][vc_row_inner][vc_column_inner width=&#8221;1\/4&#8243;][vc_single_image image=&#8221;1298&#8243; onclick=&#8221;link_image&#8221;][vc_custom_heading text=&#8221;Egg Burger&#8221; use_theme_fonts=&#8221;yes&#8221; css=&#8221;.vc_custom_1607412492993{margin-top: 0px !important;}&#8221;][vc_column_text css=&#8221;.vc_custom_1607414622944{margin-bottom: 15px !important;}&#8221;]150 gr sve\u017eeg gove\u0111eg mesa, Pr\u017eeno jaje, BBQ and Horseradish sos, Zelena salata, Paradajz, Kiseli krastavci, Karamelizovani luk[\/vc_column_text][\/vc_column_inner][vc_column_inner width=&#8221;1\/4&#8243;][vc_single_image image=&#8221;1283&#8243; onclick=&#8221;link_image&#8221;][vc_custom_heading text=&#8221;Spicy Burger&#8221; use_theme_fonts=&#8221;yes&#8221; css=&#8221;.vc_custom_1607412525658{margin-top: 0px !important;}&#8221;][vc_column_text css=&#8221;.vc_custom_1607414639433{margin-bottom: 15px !important;}&#8221;]150 gr sve\u017eeg gove\u0111eg mesa, Jalapeno sos, Zelena salata, Paradajz, Kiseli krastavci, Jalapeno Mayo sos, Karamelizovani luk[\/vc_column_text][\/vc_column_inner][vc_column_inner width=&#8221;1\/4&#8243;][vc_single_image image=&#8221;1266&#8243; onclick=&#8221;link_image&#8221;][vc_custom_heading text=&#8221;Chicken Salad&#8221; use_theme_fonts=&#8221;yes&#8221; css=&#8221;.vc_custom_1607417314865{margin-top: 0px !important;}&#8221;][vc_column_text css=&#8221;.vc_custom_1607417324760{margin-bottom: 15px !important;}&#8221;]170g chicken, Iceberg lettuce, Pickled purple onion, Fresh cucumber, Avocado and vinaigrette dressing.[\/vc_column_text][\/vc_column_inner][vc_column_inner width=&#8221;1\/4&#8243;][vc_single_image image=&#8221;1259&#8243; onclick=&#8221;link_image&#8221;][vc_custom_heading text=&#8221;Chicken Tortilla&#8221; use_theme_fonts=&#8221;yes&#8221; css=&#8221;.vc_custom_1607417351961{margin-top: 0px !important;}&#8221;][vc_column_text css=&#8221;.vc_custom_1607417364240{margin-bottom: 15px !important;}&#8221;]Chicken, Tomato salad, Lettuce, Fresh cucumber, Caramelized onions, Tomato, Factory sauce.[\/vc_column_text][\/vc_column_inner][\/vc_row_inner][vc_row_inner][vc_column_inner width=&#8221;1\/4&#8243;][vc_single_image image=&#8221;1359&#8243; onclick=&#8221;link_image&#8221;][vc_custom_heading text=&#8221;Drunk Sausage&#8221; use_theme_fonts=&#8221;yes&#8221; css=&#8221;.vc_custom_1607417378009{margin-top: 0px !important;}&#8221;][vc_column_text css=&#8221;.vc_custom_1607417389785{margin-bottom: 15px !important;}&#8221;]Sausage, French fries, Caramelized onions, Factory sauce.[\/vc_column_text][\/vc_column_inner][vc_column_inner width=&#8221;1\/4&#8243;][vc_single_image image=&#8221;1799&#8243; onclick=&#8221;link_image&#8221;][vc_custom_heading text=&#8221;French Fries&#8221; use_theme_fonts=&#8221;yes&#8221; css=&#8221;.vc_custom_1607417446004{margin-top: 0px !important;}&#8221;][\/vc_column_inner][vc_column_inner width=&#8221;1\/4&#8243;][vc_single_image image=&#8221;2022&#8243; img_size=&#8221;large&#8221;][vc_custom_heading text=&#8221;Sauces&#8221; use_theme_fonts=&#8221;yes&#8221; css=&#8221;.vc_custom_1607417459619{margin-top: 0px !important;}&#8221;][\/vc_column_inner][\/vc_row_inner][ut_title_divider_2 divider=&#8221;bklyn-divider-style-17&#8243; align=&#8221;center&#8221;][\/ut_title_divider_2][\/vc_column][\/vc_row][vc_row][vc_column][vc_column_text]<\/p>\n<h1 data-effect=\"fadeIn\" data-animateonce=\"no\" data-delay=\"0\"><\/h1>\n<h1 class=\"section-title ut-animate-element animated ut-no-animation-tablet ut-no-animation-mobile ut-appear-initialized fadeIn\" style=\"text-align: center;\" data-effect=\"fadeIn\" data-animateonce=\"no\" data-delay=\"0\"><span style=\"text-decoration: underline;\">Dezerti<\/span><\/h1>\n<p>[\/vc_column_text][vc_row_inner][vc_column_inner width=&#8221;1\/4&#8243;][vc_single_image image=&#8221;787&#8243; onclick=&#8221;link_image&#8221;][vc_custom_heading text=&#8221;Panna Cotta&#8221; use_theme_fonts=&#8221;yes&#8221; css=&#8221;.vc_custom_1607413017497{margin-top: 0px !important;}&#8221;][vc_column_text css=&#8221;.vc_custom_1607417477683{margin-bottom: 15px !important;}&#8221;]Forest fruit sauce[\/vc_column_text][\/vc_column_inner][vc_column_inner width=&#8221;1\/4&#8243;][vc_single_image image=&#8221;1119&#8243; onclick=&#8221;link_image&#8221;][vc_custom_heading text=&#8221;Milkshake Vanilla &#038; Banana&#8221; use_theme_fonts=&#8221;yes&#8221; css=&#8221;.vc_custom_1607417496313{margin-top: 0px !important;}&#8221;][vc_column_text css=&#8221;.vc_custom_1607417526407{margin-bottom: 15px !important;}&#8221;]Vanilla, Banana, Milk[\/vc_column_text][\/vc_column_inner][vc_column_inner width=&#8221;1\/4&#8243;][vc_single_image image=&#8221;1116&#8243; onclick=&#8221;link_image&#8221;][vc_custom_heading text=&#8221;Milkshake Banana &#038; Peanut Butter&#8221; use_theme_fonts=&#8221;yes&#8221; css=&#8221;.vc_custom_1607417558049{margin-top: 0px !important;}&#8221;][vc_column_text css=&#8221;.vc_custom_1607417571760{margin-bottom: 15px !important;}&#8221;]Banana, Peanut Butter, Milk[\/vc_column_text][\/vc_column_inner][vc_column_inner width=&#8221;1\/4&#8243;][vc_single_image image=&#8221;1113&#8243; onclick=&#8221;link_image&#8221;][vc_custom_heading text=&#8221;Milkshake Nutella &#038; Kinder Bueno&#8221; use_theme_fonts=&#8221;yes&#8221; css=&#8221;.vc_custom_1607417590481{margin-top: 0px !important;}&#8221;][vc_column_text css=&#8221;.vc_custom_1607417607831{margin-bottom: 15px !important;}&#8221;]Nutella, Kinder Bueno, Milk[\/vc_column_text][\/vc_column_inner][\/vc_row_inner][ut_title_divider_2 divider=&#8221;bklyn-divider-style-17&#8243; align=&#8221;center&#8221;][\/ut_title_divider_2][\/vc_column][\/vc_row][vc_row][vc_column][vc_column_text]<\/p>\n<h1 data-effect=\"fadeIn\" data-animateonce=\"no\" data-delay=\"0\"><\/h1>\n<h1 class=\"section-title ut-animate-element animated ut-no-animation-tablet ut-no-animation-mobile ut-appear-initialized fadeIn\" style=\"text-align: center;\" data-effect=\"fadeIn\" data-animateonce=\"no\" data-delay=\"0\"><span style=\"text-decoration: underline;\">Pi\u0107e<\/span><\/h1>\n<p>[\/vc_column_text][vc_row_inner][vc_column_inner width=&#8221;1\/4&#8243;][vc_single_image image=&#8221;2152&#8243;][vc_custom_heading text=&#8221;Beverages&#8221; use_theme_fonts=&#8221;yes&#8221; css=&#8221;.vc_custom_1607417652187{margin-top: 0px !important;}&#8221; link=&#8221;url:https%3A%2F%2Ffabrikaburgerbar.rs%2Fen%2Fdrinks%2F|title:Karta%20pi%C4%87a||&#8221;][\/vc_column_inner][vc_column_inner width=&#8221;1\/4&#8243;][vc_single_image image=&#8221;1640&#8243; onclick=&#8221;link_image&#8221;][vc_custom_heading text=&#8221;Bandiera Rossa&#8221; use_theme_fonts=&#8221;yes&#8221; css=&#8221;.vc_custom_1607413403943{margin-top: 0px !important;}&#8221;][vc_column_text css=&#8221;.vc_custom_1607417755210{margin-bottom: 15px !important;}&#8221;]Red Ale Alk. 6% IBU 45 EBC 39 330 ml Ingredients: water, barley malt, wheat malt, hops, brewer&#8217;s yeast. Store in a dry and dark place at a temperature of 5-15 \u00b0 C.[\/vc_column_text][\/vc_column_inner][vc_column_inner width=&#8221;1\/4&#8243;][vc_single_image image=&#8221;1629&#8243; onclick=&#8221;link_image&#8221;][vc_custom_heading text=&#8221;Temper&#8221; use_theme_fonts=&#8221;yes&#8221; css=&#8221;.vc_custom_1607413432843{margin-top: 0px !important;}&#8221;][vc_column_text css=&#8221;.vc_custom_1607417770312{margin-bottom: 15px !important;}&#8221;]Pale Ale Alc. 5% IBU 32 EBC 13 330 ml Ingredients: water, barley malt, hops, brewer&#8217;s yeast. Store in a dry and dark place at a temperature of 5-15 \u00b0 C.[\/vc_column_text][\/vc_column_inner][vc_column_inner width=&#8221;1\/4&#8243;][vc_single_image image=&#8221;1587&#8243; onclick=&#8221;link_image&#8221;][vc_custom_heading text=&#8221;Stalker&#8221; use_theme_fonts=&#8221;yes&#8221; css=&#8221;.vc_custom_1607413463404{margin-top: 0px !important;}&#8221;][vc_column_text css=&#8221;.vc_custom_1607417797296{margin-bottom: 15px !important;}&#8221;]Double IPA Alk. 7,7% IBU 77 EBC 27 330 ml Ingredients: water, barley malt, wheat malt, hops, brewer&#8217;s yeast. Store in a dry and dark place at a temperature of 5-15 \u00b0 C.[\/vc_column_text][\/vc_column_inner][\/vc_row_inner][ut_title_divider_2 divider=&#8221;bklyn-divider-style-17&#8243; align=&#8221;center&#8221;][\/ut_title_divider_2][\/vc_column][\/vc_row]<\/p>\n","protected":false},"excerpt":{"rendered":"<p>[vc_row][vc_column][vc_column_text] Our Menu &nbsp; We make burgers with passion and style, because they deserve attention. Top choice of ingredients and delicious sauces are waiting for you. [\/vc_column_text][ut_title_divider_2 divider=&#8221;bklyn-divider-style-17&#8243; align=&#8221;center&#8221;][\/ut_title_divider_2][\/vc_column][\/vc_row][vc_row][vc_column][vc_column_text] Food [\/vc_column_text][vc_row_inner][vc_column_inner width=&#8221;1\/4&#8243;][vc_single_image image=&#8221;1926&#8243; onclick=&#8221;link_image&#8221;][vc_custom_heading text=&#8221;Jack Daniel&#8217;s Honey Burger&#8221; use_theme_fonts=&#8221;yes&#8221; css=&#8221;.vc_custom_1607411597315{margin-top: 0px !important;}&#8221;][vc_column_text css=&#8221;.vc_custom_1607415986834{margin-bottom: 15px !important;}&#8221;]150g fresh beef, Crispy bacon, Lettuce, Tomato, Pickles, Purple onion, Jack [&hellip;]<\/p>\n","protected":false},"author":1,"featured_media":853,"parent":0,"menu_order":0,"comment_status":"closed","ping_status":"closed","template":"","meta":[],"yoast_head":"<!-- This site is optimized with the Yoast SEO plugin v15.4 - https:\/\/yoast.com\/wordpress\/plugins\/seo\/ -->\n<title>Meni 2100 - Fabrika Burger &amp; Pizza Bar<\/title>\n<meta name=\"robots\" content=\"index, follow, max-snippet:-1, max-image-preview:large, max-video-preview:-1\" \/>\n<link rel=\"canonical\" href=\"https:\/\/fabrikaburgerbar.rs\/en\/meni-2\/\" \/>\n<meta property=\"og:locale\" content=\"en_US\" \/>\n<meta property=\"og:type\" content=\"article\" \/>\n<meta property=\"og:title\" content=\"Meni 2100 - Fabrika Burger &amp; Pizza Bar\" \/>\n<meta property=\"og:description\" content=\"[vc_row][vc_column][vc_column_text] Our Menu &nbsp; We make burgers with passion and style, because they deserve attention. Top choice of ingredients and delicious sauces are waiting for you. [\/vc_column_text][ut_title_divider_2 divider=&#8221;bklyn-divider-style-17&#8243; align=&#8221;center&#8221;][\/ut_title_divider_2][\/vc_column][\/vc_row][vc_row][vc_column][vc_column_text] Food [\/vc_column_text][vc_row_inner][vc_column_inner width=&#8221;1\/4&#8243;][vc_single_image image=&#8221;1926&#8243; onclick=&#8221;link_image&#8221;][vc_custom_heading text=&#8221;Jack Daniel&#8217;s Honey Burger&#8221; use_theme_fonts=&#8221;yes&#8221; css=&#8221;.vc_custom_1607411597315{margin-top: 0px !important;}&#8221;][vc_column_text css=&#8221;.vc_custom_1607415986834{margin-bottom: 15px !important;}&#8221;]150g fresh beef, Crispy bacon, Lettuce, Tomato, Pickles, Purple onion, Jack [&hellip;]\" \/>\n<meta property=\"og:url\" content=\"https:\/\/fabrikaburgerbar.rs\/en\/meni-2\/\" \/>\n<meta property=\"og:site_name\" content=\"Fabrika Burger &amp; Pizza Bar\" \/>\n<meta property=\"article:publisher\" content=\"https:\/\/www.facebook.com\/FabrikaBurgerBar\/\" \/>\n<meta property=\"article:modified_time\" content=\"2020-12-08T08:58:40+00:00\" \/>\n<meta property=\"og:image\" content=\"https:\/\/fabrikaburgerbar.rs\/wp-content\/uploads\/2019\/03\/menu-1.jpg\" \/>\n\t<meta property=\"og:image:width\" content=\"1920\" \/>\n\t<meta property=\"og:image:height\" content=\"1080\" \/>\n<meta name=\"twitter:card\" content=\"summary_large_image\" \/>\n<meta name=\"twitter:label1\" content=\"Written by\">\n\t<meta name=\"twitter:data1\" content=\"Fabrika Burger Bar\">\n\t<meta name=\"twitter:label2\" content=\"Est. reading time\">\n\t<meta name=\"twitter:data2\" content=\"7 minutes\">\n<script type=\"application\/ld+json\" class=\"yoast-schema-graph\">{\"@context\":\"https:\/\/schema.org\",\"@graph\":[{\"@type\":\"Organization\",\"@id\":\"https:\/\/fabrikaburgerbar.rs\/en\/#organization\",\"name\":\"Fabrika Burger Bar\",\"url\":\"https:\/\/fabrikaburgerbar.rs\/en\/\",\"sameAs\":[\"https:\/\/www.facebook.com\/FabrikaBurgerBar\/\",\"https:\/\/www.instagram.com\/fabrika_burger_bar\/\"],\"logo\":{\"@type\":\"ImageObject\",\"@id\":\"https:\/\/fabrikaburgerbar.rs\/en\/#logo\",\"inLanguage\":\"en-US\",\"url\":\"https:\/\/fabrikaburgerbar.rs\/wp-content\/uploads\/2019\/02\/hero-logo.png\",\"width\":500,\"height\":750,\"caption\":\"Fabrika Burger Bar\"},\"image\":{\"@id\":\"https:\/\/fabrikaburgerbar.rs\/en\/#logo\"}},{\"@type\":\"WebSite\",\"@id\":\"https:\/\/fabrikaburgerbar.rs\/en\/#website\",\"url\":\"https:\/\/fabrikaburgerbar.rs\/en\/\",\"name\":\"Fabrika Burger Bar\",\"description\":\"Fabrika Burger Bar\",\"publisher\":{\"@id\":\"https:\/\/fabrikaburgerbar.rs\/en\/#organization\"},\"potentialAction\":[{\"@type\":\"SearchAction\",\"target\":\"https:\/\/fabrikaburgerbar.rs\/en\/?s={search_term_string}\",\"query-input\":\"required name=search_term_string\"}],\"inLanguage\":\"en-US\"},{\"@type\":\"ImageObject\",\"@id\":\"https:\/\/fabrikaburgerbar.rs\/en\/meni-2\/#primaryimage\",\"inLanguage\":\"en-US\",\"url\":\"https:\/\/fabrikaburgerbar.rs\/wp-content\/uploads\/2019\/03\/menu-1.jpg\",\"width\":1920,\"height\":1080},{\"@type\":\"WebPage\",\"@id\":\"https:\/\/fabrikaburgerbar.rs\/en\/meni-2\/#webpage\",\"url\":\"https:\/\/fabrikaburgerbar.rs\/en\/meni-2\/\",\"name\":\"Meni 2100 - Fabrika Burger &amp; Pizza Bar\",\"isPartOf\":{\"@id\":\"https:\/\/fabrikaburgerbar.rs\/en\/#website\"},\"primaryImageOfPage\":{\"@id\":\"https:\/\/fabrikaburgerbar.rs\/en\/meni-2\/#primaryimage\"},\"datePublished\":\"2020-12-07T14:45:51+00:00\",\"dateModified\":\"2020-12-08T08:58:40+00:00\",\"inLanguage\":\"en-US\",\"potentialAction\":[{\"@type\":\"ReadAction\",\"target\":[\"https:\/\/fabrikaburgerbar.rs\/en\/meni-2\/\"]}]}]}<\/script>\n<!-- \/ Yoast SEO plugin. -->","_links":{"self":[{"href":"https:\/\/fabrikaburgerbar.rs\/en\/wp-json\/wp\/v2\/pages\/4059"}],"collection":[{"href":"https:\/\/fabrikaburgerbar.rs\/en\/wp-json\/wp\/v2\/pages"}],"about":[{"href":"https:\/\/fabrikaburgerbar.rs\/en\/wp-json\/wp\/v2\/types\/page"}],"author":[{"embeddable":true,"href":"https:\/\/fabrikaburgerbar.rs\/en\/wp-json\/wp\/v2\/users\/1"}],"replies":[{"embeddable":true,"href":"https:\/\/fabrikaburgerbar.rs\/en\/wp-json\/wp\/v2\/comments?post=4059"}],"version-history":[{"count":10,"href":"https:\/\/fabrikaburgerbar.rs\/en\/wp-json\/wp\/v2\/pages\/4059\/revisions"}],"predecessor-version":[{"id":4110,"href":"https:\/\/fabrikaburgerbar.rs\/en\/wp-json\/wp\/v2\/pages\/4059\/revisions\/4110"}],"wp:featuredmedia":[{"embeddable":true,"href":"https:\/\/fabrikaburgerbar.rs\/en\/wp-json\/wp\/v2\/media\/853"}],"wp:attachment":[{"href":"https:\/\/fabrikaburgerbar.rs\/en\/wp-json\/wp\/v2\/media?parent=4059"}],"curies":[{"name":"wp","href":"https:\/\/api.w.org\/{rel}","templated":true}]}}