{"id":1024,"date":"2019-04-07T20:54:44","date_gmt":"2019-04-07T20:54:44","guid":{"rendered":"http:\/\/www.fabrikaburgerbar.rs\/?page_id=1024"},"modified":"2026-02-04T10:24:06","modified_gmt":"2026-02-04T09:24:06","slug":"fooldal","status":"publish","type":"page","link":"https:\/\/fabrikaburgerbar.rs\/hu\/","title":{"rendered":"F\u0151oldal"},"content":{"rendered":"<p>[vc_section el_name=&#8221;Welcome Section&#8221;][vc_row el_name=&#8221;Welcome Message&#8221;][vc_column offset=&#8221;vc_col-lg-offset-3 vc_col-lg-6&#8243;]<div class=\"wpb_content_element \"><style type=\"text\/css\" scoped>#ut_header_69e733bd4dc0f h2.section-title { font-size: 60px; }@media (min-width: 768px) { #ut_header_69e733bd4dc0f h2 { line-height: 60px !important; } }<\/style><header id=\"ut_header_69e733bd4dc0f\" class=\"section-header ut-no-title-linebreak-mobile pt-style-7 header-center element-with-custom-line-height\"><h2 data-effect=\"fadeIn\" data-animateonce=\"no\" data-delay=\"0\" class=\"section-title ut-animate-element animated ut-no-animation-tablet ut-no-animation-mobile\"><span>\u00dcdv\u00f6z\u00f6lj\u00fck!<br \/>\nFabrika Burger Bar<\/span><\/h2><div data-effect=\"fadeIn\" data-animateonce=\"no\" data-delay=\"0\" class=\"lead ut-animate-element animated ut-no-animation-tablet ut-no-animation-mobile\"><p>A Burger egy igazi gasztron\u00f3miai kre\u00e1ci\u00f3, ahol a legkiv\u00e1l\u00f3bb h\u00fasdarabokat, zseml\u00e9t, a legjobb sajtokat \u00e9s a k\u00e9zzel k\u00e9sz\u00edtett m\u00e1rt\u00e1sokat haszn\u00e1ljuk. Szabadka k\u00f6zpontj\u00e1ban tal\u00e1lhat\u00f3, a Korvin M\u00e1ty\u00e1s utca 2 c\u00edmen.<\/p>\n<\/div><\/header><\/div><style type=\"text\/css\" scoped>#ut_custom_heading69e733bd4df97 { font-family:Yellowtail;font-weight:400;font-style:normal; }#ut_custom_heading69e733bd4df97 { font-size:60px; }#ut_custom_heading69e733bd4df97 { line-height:125%; }#ut_custom_heading69e733bd4df97 { text-align:center; }<\/style><div id=\"ut_custom_heading69e733bd4df97\" class=\"ut-custom-heading-module  \" ><span>K\u00e9sz\u00fclt szeretettel<\/span><\/div>[\/vc_column][\/vc_row][\/vc_section][vc_section el_name=&#8221;Menus&#8221;][vc_row full_width=&#8221;stretch_row_content_no_spaces&#8221; css=&#8221;.vc_custom_1525220303352{margin-bottom: 0px !important;padding-bottom: 0px !important;}&#8221; el_name=&#8221;3 Menu Points&#8221;][vc_column width=&#8221;1\/3&#8243; css=&#8221;.vc_custom_1525096300190{margin-bottom: 0px !important;}&#8221;]<style type=\"text\/css\" scoped>#ut_fancy_image_69e733bd4e0ee .ut-fancy-image figcaption h3 { color: #ffffff; }#ut_fancy_image_69e733bd4e0ee .ut-fancy-image:hover figcaption h3 { color: #f7941d; }#ut_fancy_image_69e733bd4e0ee .ut-fancy-image { background: #000000; }#ut_fancy_image_69e733bd4e0ee .ut-fancy-image figcaption::before { border-color: #f7941d; }#ut_fancy_image_69e733bd4e0ee .ut-fancy-image figcaption::after { border-color: #f7941d; }#ut_fancy_image_69e733bd4e0ee.ut-fancy-image-wrap { margin-bottom: 0px; }<\/style><div id=\"ut_fancy_image_69e733bd4e0ee\" class=\"ut-fancy-image-wrap \"><a target=\"_self\" href=\"https:\/\/fabrikaburgerbar.rs\/hu\/menu\/#etel\" ><figure class=\"ut-fancy-image\"><img src=\"https:\/\/fabrikaburgerbar.rs\/wp-content\/uploads\/2019\/03\/food-home-page-w1300h731.jpg\" alt=\"\u00c9tel\"\/><figcaption><h3>\u00c9tel<\/h3><p>Men\u00fc<\/p><\/figcaption><\/figure><\/a><\/div>[\/vc_column][vc_column width=&#8221;1\/3&#8243;]<style type=\"text\/css\" scoped>#ut_fancy_image_69e733bd4e23d .ut-fancy-image figcaption h3 { color: #ffffff; }#ut_fancy_image_69e733bd4e23d .ut-fancy-image:hover figcaption h3 { color: #f7941d; }#ut_fancy_image_69e733bd4e23d .ut-fancy-image p { color: #ffffff; }#ut_fancy_image_69e733bd4e23d .ut-fancy-image { background: #000000; }#ut_fancy_image_69e733bd4e23d .ut-fancy-image figcaption::before { border-color: #f7941d; }#ut_fancy_image_69e733bd4e23d .ut-fancy-image figcaption::after { border-color: #f7941d; }#ut_fancy_image_69e733bd4e23d.ut-fancy-image-wrap { margin-bottom: 0px; }<\/style><div id=\"ut_fancy_image_69e733bd4e23d\" class=\"ut-fancy-image-wrap \"><a target=\"_self\" href=\"https:\/\/fabrikaburgerbar.rs\/hu\/itallap\" ><figure class=\"ut-fancy-image\"><img src=\"https:\/\/fabrikaburgerbar.rs\/wp-content\/uploads\/2019\/03\/beer-home-page-w1300h731.jpg\" alt=\"Itallap\"\/><figcaption><h3>Itallap<\/h3><p>K\u00e9zm\u0171ves s\u00f6rv\u00e1laszt\u00e1s<\/p><\/figcaption><\/figure><\/a><\/div>[\/vc_column][vc_column width=&#8221;1\/3&#8243; css=&#8221;.vc_custom_1525096293340{margin-bottom: 0px !important;}&#8221;]<style type=\"text\/css\" scoped>#ut_fancy_image_69e733bd4e372 .ut-fancy-image figcaption h3 { color: #ffffff; }#ut_fancy_image_69e733bd4e372 .ut-fancy-image:hover figcaption h3 { color: #f7941d; }#ut_fancy_image_69e733bd4e372 .ut-fancy-image { background: #000000; }#ut_fancy_image_69e733bd4e372 .ut-fancy-image figcaption::before { border-color: #f7941d; }#ut_fancy_image_69e733bd4e372 .ut-fancy-image figcaption::after { border-color: #f7941d; }#ut_fancy_image_69e733bd4e372.ut-fancy-image-wrap { margin-bottom: 0px; }<\/style><div id=\"ut_fancy_image_69e733bd4e372\" class=\"ut-fancy-image-wrap \"><a target=\"_self\" href=\"https:\/\/fabrikaburgerbar.rs\/hu\/menu\/#desszertek\" ><figure class=\"ut-fancy-image\"><img src=\"https:\/\/fabrikaburgerbar.rs\/wp-content\/uploads\/2019\/03\/dessert-home-page-w1300h731.jpg\" alt=\"Desszertek\"\/><figcaption><h3>Desszertek<\/h3><p>Az \u00edzl\u00e9sed\u00e9rt<\/p><\/figcaption><\/figure><\/a><\/div>[\/vc_column][\/vc_row][\/vc_section][vc_section el_name=&#8221;Contact Section&#8221;][vc_row el_name=&#8221;Contact Information&#8221;][vc_column width=&#8221;1\/3&#8243; css=&#8221;.vc_custom_1706522804336{padding-top: 20px !important;}&#8221;][vc_column_text]<\/p>\n<h3 style=\"text-align: center;\">NYITVATART\u00c1SI ID\u0150<\/h3>\n<p style=\"text-align: center;\"><strong>H\u00e9tf\u0151 \u2013 P\u00e9ntek<\/strong><br \/>\n08:00 &#8211; 23:00<\/p>\n<p style=\"text-align: center;\"><strong>Szombat<\/strong><br \/>\n08:00 &#8211; 23:00<\/p>\n<p style=\"text-align: center;\"><strong>Vas\u00e1rnap<\/strong><br \/>\n13:00 &#8211; 23:00<\/p>\n<p>[\/vc_column_text][\/vc_column][vc_column width=&#8221;1\/3&#8243;][vc_column_text css=&#8221;.vc_custom_1706523196144{margin-bottom: 0px !important;padding-top: 20px !important;}&#8221;]<\/p>\n<h3 style=\"text-align: center;\">H\u00c1ZHOZ SZ\u00c1LL\u00cdT\u00c1S<\/h3>\n<h3 style=\"text-align: center;\">220 RSD<\/h3>\n<p>&nbsp;<\/p>\n<p style=\"text-align: center;\"><strong>H\u00edvjon benn\u00fcnket<\/strong><br \/>\n+381 64 959-3674<\/p>\n<p style=\"text-align: center;\"><strong>Elfogadjuk<\/strong><\/p>\n<p>[\/vc_column_text]<div  class=\"wpb_content_element   vc_custom_1558819458723 clearfix\"><style type=\"text\/css\" scoped>#ut_am_69e733bd4e4d8 { opacity: 1; }<\/style><div id=\"ut_am_wrap_69e733bd4e4d9\" class=\"ut-image-gallery-image card_img_size\" style=\"text-align:center;\"><div class=\"ut-animated-image-item ut-image-gallery-item ut-animation-done\"><a class=\"ut-deactivated-link\" href=\"#\"><img  id=\"ut_am_69e733bd4e4d8\" style=\"\" src=\"https:\/\/fabrikaburgerbar.rs\/wp-content\/uploads\/2019\/05\/pay_by_cards.jpg\" width=\"838\" height=\"252\" alt=\"\"\/><\/a><\/div><\/div><\/div>[\/vc_column][vc_column width=&#8221;1\/3&#8243; css=&#8221;.vc_custom_1706523207944{padding-top: 95px !important;padding-left: 75px !important;}&#8221;][vc_raw_html]JTNDZGl2JTIwaWQlM0QlMjJUQV9jZHN3cml0ZXJldmlld2xnODMzJTIyJTIwY2xhc3MlM0QlMjJUQV9jZHN3cml0ZXJldmlld2xnJTIyJTNFJTBBJTNDdWwlMjBpZCUzRCUyMmphazlPVnIzejQlMjIlMjBjbGFzcyUzRCUyMlRBX2xpbmtzJTIweE9iVm1LQ05taSUyMiUzRSUwQSUzQ2xpJTIwaWQlM0QlMjJYcTJLY0ROYlUlMjIlMjBjbGFzcyUzRCUyMlVRTFl1TGtLYzZGJTIyJTNFJTBBJTNDYSUyMHRhcmdldCUzRCUyMl9ibGFuayUyMiUyMGhyZWYlM0QlMjJodHRwcyUzQSUyRiUyRnd3dy50cmlwYWR2aXNvci5jb20lMkYlMjIlM0UlM0NpbWclMjBzcmMlM0QlMjJodHRwcyUzQSUyRiUyRnd3dy50cmlwYWR2aXNvci5jb20lMkZpbWclMkZjZHNpJTJGaW1nMiUyRmJyYW5kaW5nJTJGbWVkaXVtLWxvZ28tMTIwOTctMi5wbmclMjIlMjBhbHQlM0QlMjJUcmlwQWR2aXNvciUyMiUyRiUzRSUzQyUyRmElM0UlMEElM0MlMkZsaSUzRSUwQSUzQyUyRnVsJTNFJTBBJTNDJTJGZGl2JTNFJTBBJTNDc2NyaXB0JTIwYXN5bmMlMjBzcmMlM0QlMjJodHRwcyUzQSUyRiUyRnd3dy5qc2NhY2hlLmNvbSUyRndlanMlM0Z3dHlwZSUzRGNkc3dyaXRlcmV2aWV3bGclMjZhbXAlM0J1bmlxJTNEODMzJTI2YW1wJTNCbG9jYXRpb25JZCUzRDEyNDA3MDMzJTI2YW1wJTNCbGFuZyUzRGVuX1VTJTI2YW1wJTNCbGFuZyUzRGVuX1VTJTI2YW1wJTNCZGlzcGxheV92ZXJzaW9uJTNEMiUyMiUyMGRhdGEtbG9hZHRyayUyMG9ubG9hZCUzRCUyMnRoaXMubG9hZHRyayUzRHRydWUlMjIlM0UlM0MlMkZzY3JpcHQlM0U=[\/vc_raw_html][\/vc_column][\/vc_row][\/vc_section][vc_section css=&#8221;.vc_custom_1525220239292{padding-bottom: 0px !important;}&#8221; el_name=&#8221;Google Maps Section&#8221;][vc_row full_width=&#8221;stretch_row_content_no_spaces&#8221; el_name=&#8221;Google Maps&#8221;][vc_column][vc_raw_html css=&#8221;.vc_custom_1599728079952{margin-top: 0px !important;margin-bottom: 0px !important;border-top-width: 0px !important;border-bottom-width: 0px !important;}&#8221;]JTNDZGl2JTIwc3R5bGUlM0QlMjJ3aWR0aCUzQSUyMDEwMCUyNSUyMiUzRSUzQ2lmcmFtZSUyMHdpZHRoJTNEJTIyMTAwJTI1JTIyJTIwaGVpZ2h0JTNEJTIyNjAwJTIyJTIwZnJhbWVib3JkZXIlM0QlMjIwJTIyJTIwc2Nyb2xsaW5nJTNEJTIybm8lMjIlMjBtYXJnaW5oZWlnaHQlM0QlMjIwJTIyJTIwbWFyZ2lud2lkdGglM0QlMjIwJTIyJTIwc3JjJTNEJTIyaHR0cHMlM0ElMkYlMkZtYXBzLmdvb2dsZS5jb20lMkZtYXBzJTNGd2lkdGglM0QxMDAlMjUyNSUyNmFtcCUzQmhlaWdodCUzRDYwMCUyNmFtcCUzQmhsJTNEZW4lMjZhbXAlM0JxJTNETWF0aWplJTI1MjBLb3J2aW5hJTI1MjAyJTJDJTI1MjAlMkNTdWJvdGljYSUyQyUyNTIwU3JiaWphJTJCJTI4RmFicmlrYSUyNTIwQnVyZ2VyJTI1MjBCYXIlMjklMjZhbXAlM0J0JTNEJTI2YW1wJTNCeiUzRDE2JTI2YW1wJTNCaWUlM0RVVEY4JTI2YW1wJTNCaXdsb2MlM0RCJTI2YW1wJTNCb3V0cHV0JTNEZW1iZWQlMjIlM0UlM0MlMkZpZnJhbWUlM0UlM0MlMkZkaXYlM0U=[\/vc_raw_html][\/vc_column][\/vc_row][\/vc_section][vc_section bklyn_overlay=&#8221;true&#8221; bklyn_overlay_pattern=&#8221;true&#8221; bklyn_overlay_pattern_style=&#8221;bklyn-style-three&#8221; parallax=&#8221;content-moving&#8221; parallax_speed=&#8221;6&#8243; css=&#8221;.vc_custom_1607501472517{background-image: url(https:\/\/fabrikaburgerbar.rs\/wp-content\/uploads\/2020\/12\/image0.jpeg?id=4269) !important;background-position: center !important;background-repeat: no-repeat !important;background-size: cover !important;}&#8221; el_name=&#8221;Social Section&#8221;][vc_row el_name=&#8221;Social Title&#8221;][vc_column]<div class=\"wpb_content_element \"><style type=\"text\/css\" scoped>#ut_header_69e733bd4e627 h2 span { color:#ffffff; }#ut_header_69e733bd4e627 h2.section-title { font-size: 60px; }@media (min-width: 768px) { #ut_header_69e733bd4e627 h2 { line-height: 60px !important; } }#ut_header_69e733bd4e627 .lead { color:rgb(255, 255, 255); }#ut_header_69e733bd4e627 .lead p { color:rgb(255, 255, 255); }<\/style><header id=\"ut_header_69e733bd4e627\" class=\"section-header ut-no-title-linebreak-mobile ut-no-lead-linebreak-mobile pt-style-7 header-center element-with-custom-line-height\"><h2 data-effect=\"fadeIn\" data-animateonce=\"no\" data-delay=\"0\" class=\"section-title ut-animate-element animated ut-no-animation-tablet ut-no-animation-mobile\"><span>L\u00e9pjen kapcsolatba<\/span><\/h2><div data-effect=\"fadeIn\" data-animateonce=\"no\" data-delay=\"0\" class=\"lead ut-animate-element animated ut-no-animation-tablet ut-no-animation-mobile\"><p>Ha t\u00f6bbet szeretne tudni r\u00f3lunk,<\/p>\n<p>hamburgereinkr\u00f3l \u00e9s szolg\u00e1ltat\u00e1sainkr\u00f3l, nyugodtan \u00edrjon.<\/p>\n<\/div><\/header><\/div>[\/vc_column][\/vc_row][vc_row el_name=&#8221;Social Icons&#8221;][vc_column width=&#8221;1\/4&#8243;][\/vc_column][vc_column width=&#8221;1\/4&#8243; animate_once=&#8221;no&#8221; effect=&#8221;fadeIn&#8221;]<div class=\"wpb_content_element\"><style type=\"text\/css\" scoped>#ut_bi_69e733bd4e8fa .bklyn-big-icon-link i { color: #ffffff; }#ut_bi_69e733bd4e8fa .bklyn-big-icon-link:hover i { color: #f7941d; }#ut_bi_69e733bd4e8fa .bklyn-big-icon-slogan { color: rgba(255,255,255,0.5); }#ut_bi_69e733bd4e8fa .bklyn-big-icon-slogan { font-weight: normal; }#ut_bi_69e733bd4e8fa .bklyn-big-icon-title { color: #ffffff; }#ut_bi_69e733bd4e8fa .bklyn-big-icon-round.bklyn-big-icon .fa, #ut_bi_69e733bd4e8fa .bklyn-big-icon-square.bklyn-big-icon .fa { line-height: 50px;}#ut_bi_69e733bd4e8fa .bklyn-big-icon img {max-height: 50px;} #ut_bi_69e733bd4e8fa .bklyn-big-icon { height: 100px;line-height: 100px;width: 100px;font-size: 50px;}#ut_bi_69e733bd4e8fa .bklyn-big-icon svg {transform: scale(1);}<\/style><div id=\"ut_bi_69e733bd4e8fa\" class=\"bklyn-big-icon-wrap\"><a  class=\"bklyn-big-icon-link\" target=\" _blank\" href=\"https:\/\/www.instagram.com\/fabrika_burger_bar\/?hl=en\" ><div class=\"bklyn-big-icon bklyn-big-icon-normal\"><div class=\"bklyn-big-icon-inner\"><i class=\"fa fa-instagram\"><\/i><\/div><\/div><h3 class=\"bklyn-big-icon-title\">Instagram<\/h3><div class=\"bklyn-big-icon-slogan\">Leg\u00fajabb k\u00e9pek<\/div><\/a><\/div><\/div>[\/vc_column][vc_column width=&#8221;1\/4&#8243; animate_once=&#8221;no&#8221; effect=&#8221;fadeIn&#8221;]<div class=\"wpb_content_element\"><style type=\"text\/css\" scoped>#ut_bi_69e733bd4e92b .bklyn-big-icon-link i { color: #ffffff; }#ut_bi_69e733bd4e92b .bklyn-big-icon-link:hover i { color: #f7941d; }#ut_bi_69e733bd4e92b .bklyn-big-icon-slogan { color: rgba(255,255,255,0.5); }#ut_bi_69e733bd4e92b .bklyn-big-icon-slogan { font-weight: normal; }#ut_bi_69e733bd4e92b .bklyn-big-icon-title { color: #ffffff; }#ut_bi_69e733bd4e92b .bklyn-big-icon-round.bklyn-big-icon .fa, #ut_bi_69e733bd4e92b .bklyn-big-icon-square.bklyn-big-icon .fa { line-height: 50px;}#ut_bi_69e733bd4e92b .bklyn-big-icon img {max-height: 50px;} #ut_bi_69e733bd4e92b .bklyn-big-icon { height: 100px;line-height: 100px;width: 100px;font-size: 50px;}#ut_bi_69e733bd4e92b .bklyn-big-icon svg {transform: scale(1);}<\/style><div id=\"ut_bi_69e733bd4e92b\" class=\"bklyn-big-icon-wrap\"><a  class=\"bklyn-big-icon-link\" target=\" _blank\" href=\"https:\/\/www.facebook.com\/FabrikaBurgerBar\/\" ><div class=\"bklyn-big-icon bklyn-big-icon-normal\"><div class=\"bklyn-big-icon-inner\"><i class=\"fa fa-facebook\"><\/i><\/div><\/div><h3 class=\"bklyn-big-icon-title\">Facebook<\/h3><div class=\"bklyn-big-icon-slogan\">Csatlakozzon a besz\u00e9lget\u00e9shez<\/div><\/a><\/div><\/div>[\/vc_column][vc_column width=&#8221;1\/4&#8243;][\/vc_column][vc_column width=&#8221;1\/4&#8243;][\/vc_column][\/vc_row][vc_row el_name=&#8221;Social Icons&#8221;][vc_column]<div class=\"wpb_content_element\"><style type=\"text\/css\" scoped>#ut_bi_69e733bd4ea43 .bklyn-big-icon-link i { color: #ffffff; }#ut_bi_69e733bd4ea43 .bklyn-big-icon-link:hover i { color: #f7941d; }#ut_bi_69e733bd4ea43 .bklyn-big-icon-slogan { color: rgba(255,255,255,0.5); }#ut_bi_69e733bd4ea43 .bklyn-big-icon-slogan { font-weight: normal; }#ut_bi_69e733bd4ea43 .bklyn-big-icon-title { color: #ffffff; }#ut_bi_69e733bd4ea43 .bklyn-big-icon-round.bklyn-big-icon .fa, #ut_bi_69e733bd4ea43 .bklyn-big-icon-square.bklyn-big-icon .fa { line-height: 50px;}#ut_bi_69e733bd4ea43 .bklyn-big-icon img {max-height: 50px;} #ut_bi_69e733bd4ea43 .bklyn-big-icon { height: 100px;line-height: 100px;width: 100px;font-size: 50px;}#ut_bi_69e733bd4ea43 .bklyn-big-icon svg {transform: scale(1);}<\/style><div id=\"ut_bi_69e733bd4ea43\" class=\"bklyn-big-icon-wrap\"><a  class=\"bklyn-big-icon-link\" target=\" _blank\" href=\"https:\/\/www.tiktok.com\/@fabrikaburgerpizz\" ><div class=\"bklyn-big-icon bklyn-big-icon-normal\"><div class=\"bklyn-big-icon-inner\"><img alt=\"TikTok\" src=\"https:\/\/fabrikaburgerbar.rs\/wp-content\/uploads\/2024\/04\/3938072.png\"><\/div><\/div><h3 class=\"bklyn-big-icon-title\">TikTok<\/h3><div class=\"bklyn-big-icon-slogan\">K\u00f6vess minket a TikTokon<\/div><\/a><\/div><\/div>[\/vc_column][\/vc_row][\/vc_section]<\/p>\n","protected":false},"excerpt":{"rendered":"<p>[vc_section el_name=&#8221;Welcome Section&#8221;][vc_row el_name=&#8221;Welcome Message&#8221;][vc_column offset=&#8221;vc_col-lg-offset-3 vc_col-lg-6&#8243;][\/vc_column][\/vc_row][\/vc_section][vc_section el_name=&#8221;Menus&#8221;][vc_row full_width=&#8221;stretch_row_content_no_spaces&#8221; css=&#8221;.vc_custom_1525220303352{margin-bottom: 0px !important;padding-bottom: 0px !important;}&#8221; el_name=&#8221;3 Menu Points&#8221;][vc_column width=&#8221;1\/3&#8243; css=&#8221;.vc_custom_1525096300190{margin-bottom: 0px !important;}&#8221;][\/vc_column][vc_column width=&#8221;1\/3&#8243;][\/vc_column][vc_column width=&#8221;1\/3&#8243; css=&#8221;.vc_custom_1525096293340{margin-bottom: 0px !important;}&#8221;][\/vc_column][\/vc_row][\/vc_section][vc_section el_name=&#8221;Contact Section&#8221;][vc_row el_name=&#8221;Contact Information&#8221;][vc_column width=&#8221;1\/3&#8243; css=&#8221;.vc_custom_1706522804336{padding-top: 20px !important;}&#8221;][vc_column_text] NYITVATART\u00c1SI ID\u0150 H\u00e9tf\u0151 \u2013 P\u00e9ntek 08:00 &#8211; 23:00 Szombat 08:00 &#8211; 23:00 Vas\u00e1rnap 13:00 &#8211; 23:00 [\/vc_column_text][\/vc_column][vc_column width=&#8221;1\/3&#8243;][vc_column_text css=&#8221;.vc_custom_1706523196144{margin-bottom: 0px !important;padding-top: [&hellip;]<\/p>\n","protected":false},"author":1,"featured_media":692,"parent":0,"menu_order":0,"comment_status":"closed","ping_status":"closed","template":"","meta":[],"yoast_head":"<!-- This site is optimized with the Yoast SEO plugin v15.4 - https:\/\/yoast.com\/wordpress\/plugins\/seo\/ -->\n<title>F\u0151oldal - Fabrika Burger &amp; Pizza Bar<\/title>\n<meta name=\"robots\" content=\"index, follow, max-snippet:-1, max-image-preview:large, max-video-preview:-1\" \/>\n<link rel=\"canonical\" href=\"https:\/\/fabrikaburgerbar.rs\/hu\/\" \/>\n<meta property=\"og:locale\" content=\"hu_HU\" \/>\n<meta property=\"og:type\" content=\"article\" \/>\n<meta property=\"og:title\" content=\"F\u0151oldal - Fabrika Burger &amp; Pizza Bar\" \/>\n<meta property=\"og:description\" content=\"[vc_section el_name=&#8221;Welcome Section&#8221;][vc_row el_name=&#8221;Welcome Message&#8221;][vc_column offset=&#8221;vc_col-lg-offset-3 vc_col-lg-6&#8243;][\/vc_column][\/vc_row][\/vc_section][vc_section el_name=&#8221;Menus&#8221;][vc_row full_width=&#8221;stretch_row_content_no_spaces&#8221; css=&#8221;.vc_custom_1525220303352{margin-bottom: 0px !important;padding-bottom: 0px !important;}&#8221; el_name=&#8221;3 Menu Points&#8221;][vc_column width=&#8221;1\/3&#8243; css=&#8221;.vc_custom_1525096300190{margin-bottom: 0px !important;}&#8221;][\/vc_column][vc_column width=&#8221;1\/3&#8243;][\/vc_column][vc_column width=&#8221;1\/3&#8243; css=&#8221;.vc_custom_1525096293340{margin-bottom: 0px !important;}&#8221;][\/vc_column][\/vc_row][\/vc_section][vc_section el_name=&#8221;Contact Section&#8221;][vc_row el_name=&#8221;Contact Information&#8221;][vc_column width=&#8221;1\/3&#8243; css=&#8221;.vc_custom_1706522804336{padding-top: 20px !important;}&#8221;][vc_column_text] NYITVATART\u00c1SI ID\u0150 H\u00e9tf\u0151 \u2013 P\u00e9ntek 08:00 &#8211; 23:00 Szombat 08:00 &#8211; 23:00 Vas\u00e1rnap 13:00 &#8211; 23:00 [\/vc_column_text][\/vc_column][vc_column width=&#8221;1\/3&#8243;][vc_column_text css=&#8221;.vc_custom_1706523196144{margin-bottom: 0px !important;padding-top: [&hellip;]\" \/>\n<meta property=\"og:url\" content=\"https:\/\/fabrikaburgerbar.rs\/hu\/\" \/>\n<meta property=\"og:site_name\" content=\"Fabrika Burger &amp; Pizza Bar\" \/>\n<meta property=\"article:publisher\" content=\"https:\/\/www.facebook.com\/FabrikaBurgerBar\/\" \/>\n<meta property=\"article:modified_time\" content=\"2026-02-04T09:24:06+00:00\" \/>\n<meta property=\"og:image\" content=\"https:\/\/fabrikaburgerbar.rs\/wp-content\/uploads\/2019\/02\/hero-2.jpg\" \/>\n\t<meta property=\"og:image:width\" content=\"1920\" \/>\n\t<meta property=\"og:image:height\" content=\"1280\" \/>\n<meta name=\"twitter:card\" content=\"summary_large_image\" \/>\n<meta name=\"twitter:label1\" content=\"Szerz\u0151:\">\n\t<meta name=\"twitter:data1\" content=\"Fabrika Burger Bar\">\n\t<meta name=\"twitter:label2\" content=\"Becs\u00fclt olvas\u00e1si id\u0151\">\n\t<meta name=\"twitter:data2\" content=\"4 perc\">\n<script type=\"application\/ld+json\" class=\"yoast-schema-graph\">{\"@context\":\"https:\/\/schema.org\",\"@graph\":[{\"@type\":\"Organization\",\"@id\":\"https:\/\/fabrikaburgerbar.rs\/en\/#organization\",\"name\":\"Fabrika Burger Bar\",\"url\":\"https:\/\/fabrikaburgerbar.rs\/en\/\",\"sameAs\":[\"https:\/\/www.facebook.com\/FabrikaBurgerBar\/\",\"https:\/\/www.instagram.com\/fabrika_burger_bar\/\"],\"logo\":{\"@type\":\"ImageObject\",\"@id\":\"https:\/\/fabrikaburgerbar.rs\/en\/#logo\",\"inLanguage\":\"hu\",\"url\":\"https:\/\/fabrikaburgerbar.rs\/wp-content\/uploads\/2019\/02\/hero-logo.png\",\"width\":500,\"height\":750,\"caption\":\"Fabrika Burger Bar\"},\"image\":{\"@id\":\"https:\/\/fabrikaburgerbar.rs\/en\/#logo\"}},{\"@type\":\"WebSite\",\"@id\":\"https:\/\/fabrikaburgerbar.rs\/en\/#website\",\"url\":\"https:\/\/fabrikaburgerbar.rs\/en\/\",\"name\":\"Fabrika Burger Bar\",\"description\":\"Fabrika Burger Bar\",\"publisher\":{\"@id\":\"https:\/\/fabrikaburgerbar.rs\/en\/#organization\"},\"potentialAction\":[{\"@type\":\"SearchAction\",\"target\":\"https:\/\/fabrikaburgerbar.rs\/en\/?s={search_term_string}\",\"query-input\":\"required name=search_term_string\"}],\"inLanguage\":\"hu\"},{\"@type\":\"ImageObject\",\"@id\":\"https:\/\/fabrikaburgerbar.rs\/hu\/#primaryimage\",\"inLanguage\":\"hu\",\"url\":\"https:\/\/fabrikaburgerbar.rs\/wp-content\/uploads\/2019\/02\/hero-2.jpg\",\"width\":1920,\"height\":1280,\"caption\":\"Fabrika Burger Bar\"},{\"@type\":\"WebPage\",\"@id\":\"https:\/\/fabrikaburgerbar.rs\/hu\/#webpage\",\"url\":\"https:\/\/fabrikaburgerbar.rs\/hu\/\",\"name\":\"F\\u0151oldal - Fabrika Burger &amp; Pizza Bar\",\"isPartOf\":{\"@id\":\"https:\/\/fabrikaburgerbar.rs\/en\/#website\"},\"primaryImageOfPage\":{\"@id\":\"https:\/\/fabrikaburgerbar.rs\/hu\/#primaryimage\"},\"datePublished\":\"2019-04-07T20:54:44+00:00\",\"dateModified\":\"2026-02-04T09:24:06+00:00\",\"inLanguage\":\"hu\",\"potentialAction\":[{\"@type\":\"ReadAction\",\"target\":[\"https:\/\/fabrikaburgerbar.rs\/hu\/\"]}]}]}<\/script>\n<!-- \/ Yoast SEO plugin. -->","_links":{"self":[{"href":"https:\/\/fabrikaburgerbar.rs\/hu\/wp-json\/wp\/v2\/pages\/1024"}],"collection":[{"href":"https:\/\/fabrikaburgerbar.rs\/hu\/wp-json\/wp\/v2\/pages"}],"about":[{"href":"https:\/\/fabrikaburgerbar.rs\/hu\/wp-json\/wp\/v2\/types\/page"}],"author":[{"embeddable":true,"href":"https:\/\/fabrikaburgerbar.rs\/hu\/wp-json\/wp\/v2\/users\/1"}],"replies":[{"embeddable":true,"href":"https:\/\/fabrikaburgerbar.rs\/hu\/wp-json\/wp\/v2\/comments?post=1024"}],"version-history":[{"count":11,"href":"https:\/\/fabrikaburgerbar.rs\/hu\/wp-json\/wp\/v2\/pages\/1024\/revisions"}],"predecessor-version":[{"id":14767,"href":"https:\/\/fabrikaburgerbar.rs\/hu\/wp-json\/wp\/v2\/pages\/1024\/revisions\/14767"}],"wp:featuredmedia":[{"embeddable":true,"href":"https:\/\/fabrikaburgerbar.rs\/hu\/wp-json\/wp\/v2\/media\/692"}],"wp:attachment":[{"href":"https:\/\/fabrikaburgerbar.rs\/hu\/wp-json\/wp\/v2\/media?parent=1024"}],"curies":[{"name":"wp","href":"https:\/\/api.w.org\/{rel}","templated":true}]}}